{"id":37,"date":"2016-03-12T22:04:22","date_gmt":"2016-03-12T20:04:22","guid":{"rendered":"http:\/\/serbialaw.rs\/ser\/?page_id=37"},"modified":"2016-04-21T04:13:11","modified_gmt":"2016-04-21T02:13:11","slug":"team-dejan-mudrinic","status":"publish","type":"page","link":"http:\/\/serbialaw.rs\/ser\/team\/team-dejan-mudrinic\/","title":{"rendered":"Tim &#8211; Dejan Mudrinic"},"content":{"rendered":"<style>\n#menu-g_menu li.current-page-ancestor:not(.has-form) {\n    background-image: url(\"http:\/\/serbialaw.rs\/wp-content\/themes\/JointsWP\/library\/images\/menu_active.png\");\n    background-repeat: no-repeat;\n    background-position: 0px left; \n    padding-left: 80px; \n}\n#menu-g_menu li.current-page-ancestor a {color:#25aae1; font-weight: bold; text-transform: uppercase; font-size: 10pt; }\n<\/style>\n<h1>Tim<span class=\"blue\">_ \/ Dejan Mudrini\u0107<\/span><\/h1>\n<div class=\"row\">\n<div class=\"large-5 medium-5 columns\">\n<h5><strong>Primus inter pares u oblasti akvizicija, energetike i radnog prava.<\/strong><\/h5>\n<h5>&#8221;Govori tiho i nosi veliki \u0161tap sa sobom; daleko \u0107e\u0161 sti\u0107i&#8221;<br \/>\n&#8211; <em>Teodor Ruzvelt<\/em> <\/h5>\n<\/div>\n<div class=\"large-7 medium-7 columns\">\n<img src=\"http:\/\/serbialaw.rs\/wp-content\/uploads\/2015\/07\/dejan_mudrinic_big.png\" alt=\"dejan_mudrinic_big\" class=\"alignnone size-medium wp-image-52\" \/>\n<\/div>\n<\/div>\n<div class=\"row\">\n<div class=\"large-12 medium-12 columns\" style=\"margin-top:20px;\">\nKao jedan od lidera i idejnih stratega studentskog pokreta otpora nekada\u0161njem politi\u010dkom establi\u0161mentu Slobodana Milo\u0161evi\u0107a, Dejan Mudrini\u0107 se ve\u0107 tad nametnuo lokalnoj i \u0161iroj dru\u0161tvenoj zajednici kao poznavalac ljudskog potencijala i branilac ljudskih prava i osnovnih sloboda. Kasnije kao otac blizanaca Dejan spoznaje i dualitet ovog osetljivog dru\u0161tvenog pojma kroz odnos poslodavca i zaposlenih. Prava i slobode i jednih i drugih mogu biti ozbiljno naru\u0161eni i povre\u0111eni. A kako je objektivnost u ovom slu\u010daju ozbiljno dovedena u pitanje a zakon detaljno predvideo propise kojima se ovaj odnos reguli\u0161e, to je zapravo cela stvar postala svojevrstan izazov Dejanu Mudrini\u0107u.<\/p>\n<p>Dejan Mudrini\u0107 ima sve osobine dobrog pregovara\u010da. Uro\u0111ena ve\u0161tina komunikacije i elokventnost kao posledica izvanrednog logi\u010dkog razmi\u0161ljanja i zaklju\u010divanja izo\u0161trile su posebno osobine kao \u0161to su fleksibilnost, snala\u017eljivost, stalo\u017eenost, strpljivost i odgovornost kada je re\u010d o slo\u017eenom postupku akvizicija, privatizacije ili ostvarivanju i za\u0161titi prava iz radnih odnosa. Dejan Mudrini\u0107 se tokom svojih 15 godina rada vi\u0161e puta nametnuo kao strateg na poslovima akvizicija, privatizacije kao i spajanja i pripajanja privrednih dru\u0161tava u kojima se potom odvijala reorganizacija poslova na svim nivoima pri \u010demu je bilo neophodno obezbediti nesmetano odvijanje poslovnih procesa. <\/p>\n<p>Vi\u0161egodi\u0161nje iskustvo na realizaciji projekata izgradnje vetroparkova i njihovog stavljanja u funkciju opredelilo je ovog neumornog \u010doveka da se etablira u oblasti energetike.<\/p>\n<p>Tako\u0111e treba napomenuti da poslovi vezani za pomorski i re\u010dni saobra\u0107aj kao \u0161to su unutra\u0161nji i me\u0111unarodni transport, poslovi carinjenja, \u0161pedicije, osiguranja, \u0161tete i likvidacije istih tako\u0111e izdvajaju ovaj neobi\u010dni um. Ukoliko, kojim slu\u010dajem, prepoznate ovu specifi\u010dnu energiju budite uvereni da \u0107ete prisustvovati pisanju pravnog remek dela.\n<\/p><\/div>\n<\/div>\n<div class=\"row\">\n<div class=\"large-12 medium-12 columns\">\n&nbsp;\n<\/div>\n<\/div>\n<div class=\"row\">\n<div class=\"large-7 medium-7 columns\">\n<h4>Hobiji i interes<\/h4>\n<p>I kao \u0161to je Platon nadahnuto govorio o muzici isti\u010du\u0107i slede\u0107e: &#8221;Muzika je moralni zakon. Ona daje du\u0161u svemiru, krila umu, let ma\u0161ti i \u017eivot svemu \u0161to postoji&#8221;, tako i Dejan, sviraju\u0107i gitaru, pronalazi inspiraciju i uto\u010di\u0161te ali i kona\u010dno ravnote\u017eu svemu \u0161to jeste i \u0161to \u0107e biti. Slobodno vreme provodi sa svojom porodicom, za koju ka\u017ee da je \u201csu\u0161tina koja ispunjava njegov \u017eivot\u201d, pri \u010demu koristi svaku priliku da sa svojom najve\u0107om podr\u0161kom i lep\u0161om polovinom \u2013 suprugom Slavicom i omiljenim blizancima \u010carnom i Vukom organizuje neko zanimljivo putovanje ili izlet u prirodu. Nema sumnje da \u0107ete se u Dejanovom dru\u0161tvu ose\u0107ati rastere\u0107eno i prosve\u0107eno dok on bude re\u0161avao va\u0161 problem.\n<\/p><\/div>\n<div class=\"large-5 medium-5 columns\" style=\"margin-top:100px;\">\n<img src=\"http:\/\/serbialaw.rs\/wp-content\/uploads\/2015\/07\/hobi_1.png\" alt=\"hobi_1\" class=\"alignnone size-medium wp-image-54\" \/>\n<\/div>\n<\/div>\n<div class=\"row\">\n<div class=\"large-12 medium-12 columns\">\n<hr \/>\n<\/div>\n<\/div>\n<div class=\"row\">\n<div class=\"large-12 medium-12 columns\">\n<h4>Pogledajte na\u0161 tim<\/h4>\n<\/div>\n<\/div>\n<div class=\"row\">\n<div class=\"large-3 medium-3 columns\">\n<a href=\"http:\/\/serbialaw.rs\/ser\/team\/team-mira-pejovic\/\"><img loading=\"lazy\" src=\"http:\/\/serbialaw.rs\/wp-content\/uploads\/2015\/07\/mira_pejovic.png\" alt=\"mira_pejovic\" width=\"220\" height=\"156\" class=\"alignnone size-full wp-image-58\" \/><\/a><br \/>\n<a href=\"http:\/\/serbialaw.rs\/ser\/team\/team-mira-pejovic\/\"><\/p>\n<h5>Mira Pejovi\u0107<\/h5>\n<p><\/a>\n<\/div>\n<div class=\"large-3 medium-3 columns\">\n<a href=\"http:\/\/serbialaw.rs\/ser\/team\/team-miodrag-filipovic\/\"><img loading=\"lazy\" src=\"http:\/\/serbialaw.rs\/wp-content\/uploads\/2015\/07\/miodrag_filipovic.png\" alt=\"miodrag_filipovic\" width=\"220\" height=\"156\" class=\"alignnone size-full wp-image-57\" \/><\/a><br \/>\n<a href=\"http:\/\/serbialaw.rs\/ser\/team\/team-miodrag-filipovic\/\"><\/p>\n<h5>Miodrag Filipovi\u0107<\/h5>\n<p><\/a>\n<\/div>\n<div class=\"large-3 medium-3 columns\">\n<a href=\"http:\/\/serbialaw.rs\/ser\/team\/team-milenko-radovanov\/\"><img loading=\"lazy\" src=\"http:\/\/serbialaw.rs\/wp-content\/uploads\/2015\/07\/milenko_radovanov.png\" alt=\"milenko_radovanov\" width=\"220\" height=\"156\" class=\"alignnone size-full wp-image-56\" \/><\/a><br \/>\n<a href=\"http:\/\/serbialaw.rs\/ser\/team\/team-milenko-radovanov\/ \"><\/p>\n<h5>Milenko Radovanov<\/h5>\n<p><\/a>\n<\/div>\n<div class=\"large-3 medium-3 columns\">\n<a href=\"http:\/\/serbialaw.rs\/ser\/team\/team-marko-konjevic\/\"><img loading=\"lazy\" src=\"http:\/\/serbialaw.rs\/wp-content\/uploads\/2015\/07\/marko_konjevic.png\" alt=\"marko_konjevic\" width=\"220\" height=\"156\" class=\"alignnone size-full wp-image-55\" \/><\/a><br \/>\n<a href=\"http:\/\/serbialaw.rs\/ser\/team\/team-marko-konjevic\/\"><\/p>\n<h5>Marko Konjevi\u0107<\/h5>\n<p><\/a>\n<\/div>\n<\/div>\n","protected":false},"excerpt":{"rendered":"<p>Tim_ \/ Dejan Mudrini\u0107 Primus inter pares u oblasti akvizicija, energetike i radnog prava. &#8221;Govori tiho i nosi veliki \u0161tap sa sobom; daleko \u0107e\u0161 sti\u0107i&#8221; &#8211; Teodor Ruzvelt Kao jedan od lidera i idejnih stratega studentskog pokreta otpora nekada\u0161njem politi\u010dkom establi\u0161mentu Slobodana Milo\u0161evi\u0107a, Dejan Mudrini\u0107 se ve\u0107 tad nametnuo lokalnoj i \u0161iroj dru\u0161tvenoj zajednici kao&#8230;  <a class=\"excerpt-read-more\" href=\"http:\/\/serbialaw.rs\/ser\/team\/team-dejan-mudrinic\/\" title=\"ReadTim &#8211; Dejan Mudrinic\">Read more &raquo;<\/a><\/p>\n","protected":false},"author":1,"featured_media":0,"parent":20,"menu_order":0,"comment_status":"closed","ping_status":"closed","template":"page-team.php","meta":[],"aioseo_notices":[],"_links":{"self":[{"href":"http:\/\/serbialaw.rs\/ser\/wp-json\/wp\/v2\/pages\/37"}],"collection":[{"href":"http:\/\/serbialaw.rs\/ser\/wp-json\/wp\/v2\/pages"}],"about":[{"href":"http:\/\/serbialaw.rs\/ser\/wp-json\/wp\/v2\/types\/page"}],"author":[{"embeddable":true,"href":"http:\/\/serbialaw.rs\/ser\/wp-json\/wp\/v2\/users\/1"}],"replies":[{"embeddable":true,"href":"http:\/\/serbialaw.rs\/ser\/wp-json\/wp\/v2\/comments?post=37"}],"version-history":[{"count":12,"href":"http:\/\/serbialaw.rs\/ser\/wp-json\/wp\/v2\/pages\/37\/revisions"}],"predecessor-version":[{"id":185,"href":"http:\/\/serbialaw.rs\/ser\/wp-json\/wp\/v2\/pages\/37\/revisions\/185"}],"up":[{"embeddable":true,"href":"http:\/\/serbialaw.rs\/ser\/wp-json\/wp\/v2\/pages\/20"}],"wp:attachment":[{"href":"http:\/\/serbialaw.rs\/ser\/wp-json\/wp\/v2\/media?parent=37"}],"curies":[{"name":"wp","href":"https:\/\/api.w.org\/{rel}","templated":true}]}}